{"id":20,"date":"2022-09-11T11:09:38","date_gmt":"2022-09-11T11:09:38","guid":{"rendered":"https:\/\/pepecerdataller.com\/?page_id=20"},"modified":"2024-05-21T20:50:20","modified_gmt":"2024-05-21T18:50:20","slug":"taller","status":"publish","type":"page","link":"https:\/\/pepecerdataller.com\/index.php\/taller\/","title":{"rendered":"TALLER"},"content":{"rendered":"\n<div class=\"wp-block-media-text alignwide is-stacked-on-mobile\"><figure class=\"wp-block-media-text__media\"><img fetchpriority=\"high\" width=\"1000\" height=\"685\" src=\"https:\/\/pepecerdataller.com\/wp-content\/uploads\/2022\/09\/Sin-titulo-1.png\" alt=\"\" class=\"wp-image-127 size-full\" srcset=\"https:\/\/pepecerdataller.com\/wp-content\/uploads\/2022\/09\/Sin-titulo-1.png 1000w, https:\/\/pepecerdataller.com\/wp-content\/uploads\/2022\/09\/Sin-titulo-1-300x206.png 300w, https:\/\/pepecerdataller.com\/wp-content\/uploads\/2022\/09\/Sin-titulo-1-768x526.png 768w\" sizes=\"(max-width: 1000px) 100vw, 1000px\" \/><\/figure><div class=\"wp-block-media-text__content\">\n<p class=\"has-medium-font-size\">En el taller de Pepe Cerd\u00e1 &nbsp;te ofrecemos clases en un grupo reducido, m\u00e1ximo de diez alumnos, de dibujo y pintura, adaptadas a tu nivel y tu inter\u00e9s, con las t\u00e9cnicas que prefieras: l\u00e1piz, carboncillo, \u00f3leo\u2026<\/p>\n\n\n\n<p class=\"has-medium-font-size\">Contamos con una preciosa colecci\u00f3n de figuras cl\u00e1sicas de escayola con las que podr\u00e1s aprender a dibujar, bodegones para iniciarte en la pintura y modelos para clases de retrato.<\/p>\n<\/div><\/div>\n\n\n\n<hr class=\"wp-block-separator has-alpha-channel-opacity is-style-wide\"\/>\n\n\n\n<div class=\"wp-block-media-text alignwide has-media-on-the-right is-stacked-on-mobile\" style=\"grid-template-columns:auto 60%\"><figure class=\"wp-block-media-text__media\"><img width=\"1024\" height=\"512\" src=\"https:\/\/pepecerdataller.com\/wp-content\/uploads\/2024\/05\/nena_collage.png\" alt=\"\" class=\"wp-image-612 size-full\" srcset=\"https:\/\/pepecerdataller.com\/wp-content\/uploads\/2024\/05\/nena_collage.png 1024w, https:\/\/pepecerdataller.com\/wp-content\/uploads\/2024\/05\/nena_collage-300x150.png 300w, https:\/\/pepecerdataller.com\/wp-content\/uploads\/2024\/05\/nena_collage-768x384.png 768w\" sizes=\"(max-width: 1024px) 100vw, 1024px\" \/><\/figure><div class=\"wp-block-media-text__content\">\n<p style=\"font-size:24px\"><strong>CLASES PARA NI\u00d1OS<\/strong><\/p>\n\n\n\n<p class=\"has-medium-font-size\">Una tarde a la semana el taller se dedicar\u00e1 a clases para ni\u00f1os entre los 6 y los 14 a\u00f1os, en las que les ense\u00f1aremos los comienzos b\u00e1sicos del dibujo y la pintura, para que desarrollen su imaginaci\u00f3n y su creatividad.<\/p>\n<\/div><\/div>\n","protected":false},"excerpt":{"rendered":"<p>En el taller de Pepe Cerd\u00e1 &nbsp;te ofrecemos clases en un grupo reducido, m\u00e1ximo de diez alumnos, de dibujo y pintura, adaptadas a tu nivel y tu inter\u00e9s, con las t\u00e9cnicas que prefieras: l\u00e1piz, carboncillo, \u00f3leo\u2026 Contamos con una preciosa colecci\u00f3n de figuras cl\u00e1sicas de escayola con las que podr\u00e1s aprender a dibujar, bodegones para iniciarte en la pintura y modelos para clases de retrato. CLASES PARA NI\u00d1OS Una tarde a la semana el taller se dedicar\u00e1 a clases para ni\u00f1os entre los 6 y los 14 a\u00f1os, en las que les ense\u00f1aremos los comienzos b\u00e1sicos del dibujo y la pintura, para que desarrollen su imaginaci\u00f3n y su creatividad.<\/p>\n","protected":false},"author":1,"featured_media":0,"parent":0,"menu_order":0,"comment_status":"closed","ping_status":"closed","template":"","meta":{"om_disable_all_campaigns":false},"aioseo_notices":[],"uagb_featured_image_src":{"full":false,"thumbnail":false,"medium":false,"medium_large":false,"large":false,"1536x1536":false,"2048x2048":false},"uagb_author_info":{"display_name":"admin","author_link":"https:\/\/pepecerdataller.com\/index.php\/author\/admin\/"},"uagb_comment_info":0,"uagb_excerpt":"En el taller de Pepe Cerd\u00e1 &nbsp;te ofrecemos clases en un grupo reducido, m\u00e1ximo de diez alumnos, de dibujo y pintura, adaptadas a tu nivel y tu inter\u00e9s, con las t\u00e9cnicas que prefieras: l\u00e1piz, carboncillo, \u00f3leo\u2026 Contamos con una preciosa colecci\u00f3n de figuras cl\u00e1sicas de escayola con las que podr\u00e1s aprender a dibujar, bodegones para&hellip;","_links":{"self":[{"href":"https:\/\/pepecerdataller.com\/index.php\/wp-json\/wp\/v2\/pages\/20"}],"collection":[{"href":"https:\/\/pepecerdataller.com\/index.php\/wp-json\/wp\/v2\/pages"}],"about":[{"href":"https:\/\/pepecerdataller.com\/index.php\/wp-json\/wp\/v2\/types\/page"}],"author":[{"embeddable":true,"href":"https:\/\/pepecerdataller.com\/index.php\/wp-json\/wp\/v2\/users\/1"}],"replies":[{"embeddable":true,"href":"https:\/\/pepecerdataller.com\/index.php\/wp-json\/wp\/v2\/comments?post=20"}],"version-history":[{"count":25,"href":"https:\/\/pepecerdataller.com\/index.php\/wp-json\/wp\/v2\/pages\/20\/revisions"}],"predecessor-version":[{"id":613,"href":"https:\/\/pepecerdataller.com\/index.php\/wp-json\/wp\/v2\/pages\/20\/revisions\/613"}],"wp:attachment":[{"href":"https:\/\/pepecerdataller.com\/index.php\/wp-json\/wp\/v2\/media?parent=20"}],"curies":[{"name":"wp","href":"https:\/\/api.w.org\/{rel}","templated":true}]}}